{"id":101697,"date":"2024-01-16T15:49:30","date_gmt":"2024-01-16T15:49:30","guid":{"rendered":"https:\/\/wp.eastgate-software.com\/?page_id=101697"},"modified":"2024-01-22T01:05:02","modified_gmt":"2024-01-22T01:05:02","slug":"privacy-policy","status":"publish","type":"page","link":"https:\/\/wp.eastgate-software.com\/de\/privacy-policy\/","title":{"rendered":"Datenschutzrichtlinie"},"content":{"rendered":"<div data-elementor-type=\"wp-page\" data-elementor-id=\"101697\" class=\"elementor elementor-101697\" data-elementor-post-type=\"page\">\n\t\t\t\t<div class=\"elementor-element elementor-element-fd28340 egs-privacy-policy-title e-flex e-con-boxed e-con e-parent\" data-id=\"fd28340\" data-element_type=\"container\" data-core-v316-plus=\"true\">\n\t\t\t\t\t<div class=\"e-con-inner\">\n\t\t\t\t<div class=\"elementor-element elementor-element-eb41c14 egs-privacy-policy-header elementor-widget elementor-widget-heading\" data-id=\"eb41c14\" data-element_type=\"widget\" data-widget_type=\"heading.default\">\n\t\t\t\t<div class=\"elementor-widget-container\">\n\t\t\t<style>\/*! elementor - v3.20.0 - 26-03-2024 *\/\n.elementor-heading-title{padding:0;margin:0;line-height:1}.elementor-widget-heading .elementor-heading-title[class*=elementor-size-]>a{color:inherit;font-size:inherit;line-height:inherit}.elementor-widget-heading .elementor-heading-title.elementor-size-small{font-size:15px}.elementor-widget-heading .elementor-heading-title.elementor-size-medium{font-size:19px}.elementor-widget-heading .elementor-heading-title.elementor-size-large{font-size:29px}.elementor-widget-heading .elementor-heading-title.elementor-size-xl{font-size:39px}.elementor-widget-heading .elementor-heading-title.elementor-size-xxl{font-size:59px}<\/style><h2 class=\"elementor-heading-title elementor-size-default\"><h1 class=\"elementor-heading-title elementor-size-default elementor-inline-editing pen\" data-elementor-setting-key=\"title\" data-pen-placeholder=\"Type Here...\" style=\"font-weight: 600; line-height: normal; font-size: 2.2rem; padding-bottom: 0.8rem; font-family: Montserrat, sans-serif; text-transform: capitalize; letter-spacing: normal; font-style: normal; color: rgb(72, 112, 176); font-variant-ligatures: normal; font-variant-caps: normal; text-align: center; visibility: inherit !important;\">Datenschutzrichtlinie <\/h1><\/h2>\t\t<\/div>\n\t\t\t\t<\/div>\n\t\t\t\t\t<\/div>\n\t\t\t\t<\/div>\n\t\t<div class=\"elementor-element elementor-element-5053e41 egs-privacy-policy-description e-flex e-con-boxed e-con e-parent\" data-id=\"5053e41\" data-element_type=\"container\" data-core-v316-plus=\"true\">\n\t\t\t\t\t<div class=\"e-con-inner\">\n\t\t\t\t<div class=\"elementor-element elementor-element-2a8a98e egs-privacy-policy-description elementor-widget elementor-widget-text-editor\" data-id=\"2a8a98e\" data-element_type=\"widget\" data-widget_type=\"text-editor.default\">\n\t\t\t\t<div class=\"elementor-widget-container\">\n\t\t\t<style>\/*! elementor - v3.20.0 - 26-03-2024 *\/\n.elementor-widget-text-editor.elementor-drop-cap-view-stacked .elementor-drop-cap{background-color:#69727d;color:#fff}.elementor-widget-text-editor.elementor-drop-cap-view-framed .elementor-drop-cap{color:#69727d;border:3px solid;background-color:transparent}.elementor-widget-text-editor:not(.elementor-drop-cap-view-default) .elementor-drop-cap{margin-top:8px}.elementor-widget-text-editor:not(.elementor-drop-cap-view-default) .elementor-drop-cap-letter{width:1em;height:1em}.elementor-widget-text-editor .elementor-drop-cap{float:left;text-align:center;line-height:1;font-size:50px}.elementor-widget-text-editor .elementor-drop-cap-letter{display:inline-block}<\/style>\t\t\t\t<p style=\"text-align: center; max-width: 100%;\"><span data-contrast=\"auto\">Unsere Datenschutzrichtlinie erkl\u00e4rt, wie Eastgate Software die Informationen, die Sie uns bei der Nutzung unserer Website zur Verf\u00fcgung stellen, sch\u00fctzt und verwendet.<\/span><\/p><p style=\"text-align: center; max-width: 100%;\"><span data-contrast=\"auto\"><br><\/span><\/p>\n<p style=\"text-align: center; max-width: 100%;\"><span data-contrast=\"auto\">Bei Eastgate Software hat der Schutz Ihrer Daten h\u00f6chste Priorit\u00e4t. Wir sch\u00e4tzen Ihr Vertrauen und verpflichten uns zum Schutz Ihrer pers\u00f6nlichen Daten. Sie k\u00f6nnen sicher sein, dass alle Informationen, die Sie bei der Nutzung unserer Website angeben, ausschlie\u00dflich gem\u00e4\u00df unserer Datenschutzerkl\u00e4rung verwendet werden.<\/span><\/p><p style=\"text-align: center; max-width: 100%;\"><span data-contrast=\"auto\"><br><\/span><\/p>\n<p style=\"text-align: center; max-width: 100%;\"><span data-contrast=\"auto\">Wir werden diese Richtlinie auf unserer Website aktualisieren, falls wir die Art und Weise \u00e4ndern, wie wir mit personenbezogenen Daten umgehen.<\/span><span data-ccp-props=\"{&quot;201341983&quot;:0,&quot;335551550&quot;:2,&quot;335551620&quot;:2,&quot;335559685&quot;:0,&quot;335559739&quot;:160,&quot;335559740&quot;:259}\">&nbsp;<\/span><\/p>\t\t\t\t\t\t<\/div>\n\t\t\t\t<\/div>\n\t\t\t\t<div class=\"elementor-element elementor-element-a3d5ef8 egs-privacy-policy-we-collect elementor-widget elementor-widget-text-editor\" data-id=\"a3d5ef8\" data-element_type=\"widget\" data-widget_type=\"text-editor.default\">\n\t\t\t\t<div class=\"elementor-widget-container\">\n\t\t\t\t\t\t\t<h2><b><span style=\"color: #4870b0;\" data-contrast=\"auto\">WAS WIR SAMMELN<\/span><\/b><span data-ccp-props=\"{&quot;134233117&quot;:false,&quot;134233118&quot;:false,&quot;201341983&quot;:0,&quot;335551550&quot;:1,&quot;335551620&quot;:1,&quot;335559685&quot;:0,&quot;335559737&quot;:0,&quot;335559738&quot;:0,&quot;335559739&quot;:160,&quot;335559740&quot;:259}\">\u00a0<\/span><\/h2><p><span data-contrast=\"auto\">Erfahren Sie, welche Informationen wir von Ihnen erfassen: Kontaktdaten einschlie\u00dflich Ihrer E-Mail-Adresse und Telefonnummer.<\/span><span data-ccp-props=\"{&quot;201341983&quot;:0,&quot;335551550&quot;:1,&quot;335551620&quot;:1,&quot;335559685&quot;:0,&quot;335559739&quot;:160,&quot;335559740&quot;:259}\">\u00a0<\/span><\/p><h2><b><span style=\"color: #4870b0;\" data-contrast=\"auto\">WAS WIR MIT DEN GESAMMELTEN INFORMATIONEN MACHEN<\/span><\/b><span data-ccp-props=\"{&quot;134233117&quot;:false,&quot;134233118&quot;:false,&quot;201341983&quot;:0,&quot;335551550&quot;:1,&quot;335551620&quot;:1,&quot;335559685&quot;:0,&quot;335559737&quot;:0,&quot;335559738&quot;:0,&quot;335559739&quot;:160,&quot;335559740&quot;:259}\">\u00a0<\/span><\/h2><p><span data-contrast=\"auto\">Um Ihnen einen besseren Service bieten zu k\u00f6nnen, bitten wir Sie um diese Informationen, damit wir Ihre Bed\u00fcrfnisse genau verstehen. Dies erm\u00f6glicht es uns, Ihnen einen au\u00dfergew\u00f6hnlichen Service zu bieten. Die folgenden Gr\u00fcnde verdeutlichen unsere Informationsanfrage:<\/span><span data-ccp-props=\"{&quot;134233117&quot;:false,&quot;134233118&quot;:false,&quot;201341983&quot;:0,&quot;335551550&quot;:1,&quot;335551620&quot;:1,&quot;335559685&quot;:0,&quot;335559737&quot;:0,&quot;335559738&quot;:0,&quot;335559739&quot;:160,&quot;335559740&quot;:259}\">\u00a0<\/span><\/p><p><span style=\"text-align: var(--text-align);\" data-contrast=\"auto\">+ Interne Datenverwaltung.<\/span><span style=\"text-align: var(--text-align);\" data-ccp-props=\"{&quot;134233117&quot;:false,&quot;134233118&quot;:false,&quot;201341983&quot;:0,&quot;335551550&quot;:1,&quot;335551620&quot;:1,&quot;335559685&quot;:0,&quot;335559737&quot;:0,&quot;335559738&quot;:0,&quot;335559739&quot;:160,&quot;335559740&quot;:259}\">\u00a0<\/span><\/p><p><span style=\"text-align: var(--text-align);\" data-contrast=\"auto\">+ Durch die Nutzung der bereitgestellten Informationen streben wir danach, die Qualit\u00e4t und Leistung unserer Produkte und Dienstleistungen zu verbessern.<\/span><span style=\"text-align: var(--text-align);\" data-ccp-props=\"{&quot;134233117&quot;:false,&quot;134233118&quot;:false,&quot;201341983&quot;:0,&quot;335551550&quot;:1,&quot;335551620&quot;:1,&quot;335559685&quot;:0,&quot;335559737&quot;:0,&quot;335559738&quot;:0,&quot;335559739&quot;:160,&quot;335559740&quot;:259}\">\u00a0<\/span><\/p><p><span style=\"text-align: var(--text-align);\" data-contrast=\"auto\">Gelegentlich senden wir Ihnen Werbe-E-Mails mit Informationen zu neuen Produkten, Sonderangeboten oder anderen Neuigkeiten, von denen wir glauben, dass sie Ihr Interesse wecken k\u00f6nnten. Wir kontaktieren Sie \u00fcber die von Ihnen angegebene E-Mail-Adresse.<\/span><span style=\"text-align: var(--text-align);\" data-ccp-props=\"{&quot;134233117&quot;:false,&quot;134233118&quot;:false,&quot;201341983&quot;:0,&quot;335551550&quot;:1,&quot;335551620&quot;:1,&quot;335559685&quot;:0,&quot;335559737&quot;:0,&quot;335559738&quot;:0,&quot;335559739&quot;:160,&quot;335559740&quot;:259}\">\u00a0<\/span><\/p><h2><b><span style=\"color: #4870b0;\" data-contrast=\"auto\">SICHERHEIT<\/span><\/b><span data-ccp-props=\"{&quot;201341983&quot;:0,&quot;335551550&quot;:1,&quot;335551620&quot;:1,&quot;335559685&quot;:0,&quot;335559739&quot;:160,&quot;335559740&quot;:259}\">\u00a0<\/span><\/h2><p><span data-contrast=\"auto\">Die Sicherheit Ihrer Daten hat f\u00fcr uns h\u00f6chste Priorit\u00e4t. Wir haben umfassende Ma\u00dfnahmen implementiert, um unbefugten Zugriff oder die Weitergabe Ihrer Daten zu verhindern. Diese Ma\u00dfnahmen umfassen geeignete physische, elektronische und organisatorische Prozesse, die die von uns online erfassten Daten wirksam sch\u00fctzen.<\/span><span data-ccp-props=\"{&quot;134233117&quot;:false,&quot;134233118&quot;:false,&quot;201341983&quot;:0,&quot;335551550&quot;:1,&quot;335551620&quot;:1,&quot;335559685&quot;:0,&quot;335559737&quot;:0,&quot;335559738&quot;:0,&quot;335559739&quot;:160,&quot;335559740&quot;:259}\">\u00a0<\/span><\/p><h2><b><span style=\"color: #4870b0;\" data-contrast=\"auto\">WIE WIR COOKIES VERWENDEN<\/span><\/b><span data-ccp-props=\"{&quot;134233117&quot;:false,&quot;134233118&quot;:false,&quot;201341983&quot;:0,&quot;335551550&quot;:1,&quot;335551620&quot;:1,&quot;335559685&quot;:0,&quot;335559737&quot;:0,&quot;335559738&quot;:0,&quot;335559739&quot;:160,&quot;335559740&quot;:259}\">\u00a0<\/span><\/h2><p><span data-contrast=\"auto\">Ein Cookie ist eine kleine Datendatei, die um Erlaubnis bittet, auf der Festplatte Ihres Computers gespeichert zu werden. Wenn Sie zustimmen, wird die Datei installiert. Cookies helfen dabei, den Webverkehr zu analysieren und Sie beim Besuch einer Website zu informieren. Sie erm\u00f6glichen es Webanwendungen, ihre Dienste an Ihre individuellen Bed\u00fcrfnisse und Interessen anzupassen, indem sie Informationen \u00fcber Ihre Pr\u00e4ferenzen sammeln und speichern.<\/span><span data-ccp-props=\"{&quot;134233117&quot;:false,&quot;134233118&quot;:false,&quot;201341983&quot;:0,&quot;335551550&quot;:1,&quot;335551620&quot;:1,&quot;335559685&quot;:0,&quot;335559737&quot;:0,&quot;335559738&quot;:0,&quot;335559739&quot;:160,&quot;335559740&quot;:259}\">\u00a0<\/span><\/p><p><span data-contrast=\"auto\">Wir verwenden Cookies, um die aufgerufenen Seiten zu identifizieren. Dies erm\u00f6glicht uns, Daten zum Webseitenverkehr auszuwerten und unsere Website zu optimieren, um die Bed\u00fcrfnisse unserer Kunden besser zu erf\u00fcllen. Bitte beachten Sie, dass wir diese Informationen ausschlie\u00dflich f\u00fcr statistische Analysen nutzen und die Daten nach deren Abschluss umgehend aus unserem System l\u00f6schen.<\/span><span data-ccp-props=\"{&quot;134233117&quot;:false,&quot;134233118&quot;:false,&quot;201341983&quot;:0,&quot;335551550&quot;:1,&quot;335551620&quot;:1,&quot;335559685&quot;:0,&quot;335559737&quot;:0,&quot;335559738&quot;:0,&quot;335559739&quot;:160,&quot;335559740&quot;:259}\">\u00a0<\/span><\/p><p><span data-contrast=\"auto\">Unsere Cookies verbessern Ihr Website-Erlebnis, indem sie uns erm\u00f6glichen, nachzuverfolgen, welche Seiten Sie hilfreich finden. Seien Sie versichert, dass Cookies ohne Ihre Zustimmung weder auf Ihren Computer zugreifen noch pers\u00f6nliche Daten erfassen k\u00f6nnen.<\/span><span data-ccp-props=\"{&quot;134233117&quot;:false,&quot;134233118&quot;:false,&quot;201341983&quot;:0,&quot;335551550&quot;:1,&quot;335551620&quot;:1,&quot;335559685&quot;:0,&quot;335559737&quot;:0,&quot;335559738&quot;:0,&quot;335559739&quot;:160,&quot;335559740&quot;:259}\">\u00a0<\/span><\/p><p><span data-contrast=\"auto\">Sie k\u00f6nnen Cookies akzeptieren oder ablehnen. Die meisten Webbrowser akzeptieren Cookies automatisch. Sie k\u00f6nnen Ihre Browsereinstellungen jedoch ganz einfach so anpassen, dass Cookies abgelehnt werden. Bitte beachten Sie jedoch, dass die Ablehnung von Cookies den Zugriff auf alle Funktionen der Website einschr\u00e4nken kann.<\/span><span data-ccp-props=\"{&quot;134233117&quot;:false,&quot;134233118&quot;:false,&quot;201341983&quot;:0,&quot;335551550&quot;:1,&quot;335551620&quot;:1,&quot;335559685&quot;:0,&quot;335559737&quot;:0,&quot;335559738&quot;:0,&quot;335559739&quot;:160,&quot;335559740&quot;:259}\">\u00a0<\/span><\/p><h2><b><span style=\"color: #4870b0;\" data-contrast=\"auto\">LINK ZU ANDEREN WEBSITES<\/span><\/b><span data-ccp-props=\"{&quot;134233117&quot;:false,&quot;134233118&quot;:false,&quot;201341983&quot;:0,&quot;335551550&quot;:1,&quot;335551620&quot;:1,&quot;335559685&quot;:0,&quot;335559737&quot;:0,&quot;335559738&quot;:0,&quot;335559739&quot;:160,&quot;335559740&quot;:259}\">\u00a0<\/span><\/h2><p><span data-contrast=\"auto\">Wir stellen auf unserer Website Links zu anderen Websites bereit. Bitte beachten Sie jedoch, dass wir keinen Einfluss auf diese externen Websites haben. Daher k\u00f6nnen wir nicht f\u00fcr den Schutz und die Vertraulichkeit von Informationen verantwortlich gemacht werden, die Sie beim Besuch dieser Websites angeben. Es ist wichtig, Vorsicht walten zu lassen und die Datenschutzerkl\u00e4rung der jeweiligen Website zu lesen.<\/span><span data-ccp-props=\"{&quot;134233117&quot;:false,&quot;134233118&quot;:false,&quot;201341983&quot;:0,&quot;335551550&quot;:1,&quot;335551620&quot;:1,&quot;335559685&quot;:0,&quot;335559737&quot;:0,&quot;335559738&quot;:0,&quot;335559739&quot;:160,&quot;335559740&quot;:259}\">\u00a0<\/span><\/p><h2><b><span style=\"color: #4870b0;\" data-contrast=\"auto\">KONTROLLE IHRER PERS\u00d6NLICHEN DATEN<\/span><\/b><span data-ccp-props=\"{&quot;134233117&quot;:false,&quot;134233118&quot;:false,&quot;201341983&quot;:0,&quot;335551550&quot;:1,&quot;335551620&quot;:1,&quot;335559685&quot;:0,&quot;335559737&quot;:0,&quot;335559738&quot;:0,&quot;335559739&quot;:160,&quot;335559740&quot;:259}\">\u00a0<\/span><\/h2><p><span data-contrast=\"auto\">Wir nehmen den Schutz Ihrer Daten sehr ernst und werden Ihre personenbezogenen Daten niemals ohne Ihre ausdr\u00fcckliche Einwilligung oder gesetzliche Verpflichtung an Dritte verkaufen, weitergeben oder vermieten. Mit Ihrer Einwilligung k\u00f6nnen wir Ihre personenbezogenen Daten jedoch nutzen, um Ihnen Werbematerialien ausgew\u00e4hlter Dritter zukommen zu lassen, von denen wir annehmen, dass sie f\u00fcr Sie von Interesse sein k\u00f6nnten.<\/span><span data-ccp-props=\"{&quot;134233117&quot;:false,&quot;134233118&quot;:false,&quot;201341983&quot;:0,&quot;335551550&quot;:1,&quot;335551620&quot;:1,&quot;335559685&quot;:0,&quot;335559737&quot;:0,&quot;335559738&quot;:0,&quot;335559739&quot;:160,&quot;335559740&quot;:259}\">\u00a0<\/span><\/p><p><span data-contrast=\"auto\">Sollten Sie der Ansicht sein, dass die uns vorliegenden Informationen \u00fcber Sie ungenau oder unvollst\u00e4ndig sind, kontaktieren Sie uns bitte umgehend per E-Mail: <a title=\"contact@eastgate-software.com\" href=\"mailto:contact@eastgate-software.com\">contact@eastgate-software.com<\/a>. Wir werden alle uns zur Kenntnis gebrachten fehlerhaften Informationen umgehend korrigieren.<\/span><span data-ccp-props=\"{&quot;134233117&quot;:false,&quot;134233118&quot;:false,&quot;201341983&quot;:0,&quot;335551550&quot;:1,&quot;335551620&quot;:1,&quot;335559685&quot;:0,&quot;335559737&quot;:0,&quot;335559738&quot;:0,&quot;335559739&quot;:160,&quot;335559740&quot;:259}\">\u00a0<\/span><\/p><p><span data-ccp-props=\"{&quot;134233117&quot;:false,&quot;134233118&quot;:false,&quot;201341983&quot;:0,&quot;335551550&quot;:1,&quot;335551620&quot;:1,&quot;335559685&quot;:0,&quot;335559737&quot;:0,&quot;335559738&quot;:0,&quot;335559739&quot;:160,&quot;335559740&quot;:259}\">\u00a0<\/span><\/p>\t\t\t\t\t\t<\/div>\n\t\t\t\t<\/div>\n\t\t\t\t\t<\/div>\n\t\t\t\t<\/div>\n\t\t\t\t<\/div>","protected":false},"excerpt":{"rendered":"<p>Datenschutzrichtlinie Unsere Datenschutzrichtlinie erl\u00e4utert, wie Eastgate Software die Informationen, die Sie uns bei der Nutzung unserer Website zur Verf\u00fcgung stellen, sch\u00fctzt und verwendet. Bei Eastgate Software hat der Schutz Ihrer Daten h\u00f6chste Priorit\u00e4t. Wir sch\u00e4tzen Ihr Vertrauen und verpflichten uns zum Schutz Ihrer pers\u00f6nlichen Daten. Sie k\u00f6nnen sicher sein, dass alle Informationen, die Sie bei der Nutzung unserer Website angeben, [\u2026]<\/p>","protected":false},"author":238283274,"featured_media":0,"parent":0,"menu_order":0,"comment_status":"closed","ping_status":"closed","template":"template-builder.php","meta":{"_crdt_document":"","inline_featured_image":false,"footnotes":""},"class_list":["post-101697","page","type-page","status-publish","hentry"],"yoast_head":"<!-- This site is optimized with the Yoast SEO Premium plugin v26.4 (Yoast SEO v27.5) - https:\/\/yoast.com\/product\/yoast-seo-premium-wordpress\/ -->\n<title>Privacy Policy - Eastgate Software<\/title>\n<meta name=\"robots\" content=\"noindex, follow, max-snippet:-1, max-image-preview:large, max-video-preview:-1\" \/>\n<meta property=\"og:locale\" content=\"de_DE\" \/>\n<meta property=\"og:type\" content=\"article\" \/>\n<meta property=\"og:title\" content=\"Privacy Policy\" \/>\n<meta property=\"og:description\" content=\"Privacy Policy Our privacy policy explains how Eastgate Software safeguards and utilizes the information you provide us with when using our website. At Eastgate Software, your privacy is our top priority. We value your trust and are committed to protecting your personal information. Rest assured that any information you provide when using our website will [&hellip;]\" \/>\n<meta property=\"og:url\" content=\"https:\/\/wp.eastgate-software.com\/de\/privacy-policy\/\" \/>\n<meta property=\"og:site_name\" content=\"Eastgate Software\" \/>\n<meta property=\"article:publisher\" content=\"https:\/\/www.facebook.com\/EastgateSoftware\/\" \/>\n<meta property=\"article:modified_time\" content=\"2024-01-22T01:05:02+00:00\" \/>\n<meta name=\"twitter:card\" content=\"summary_large_image\" \/>\n<meta name=\"twitter:site\" content=\"@EastgateSoft\" \/>\n<meta name=\"twitter:label1\" content=\"Gesch\u00e4tzte Lesezeit\" \/>\n\t<meta name=\"twitter:data1\" content=\"3\u00a0Minuten\" \/>\n<script type=\"application\/ld+json\" class=\"yoast-schema-graph\">{\"@context\":\"https:\\\/\\\/schema.org\",\"@graph\":[{\"@type\":\"WebPage\",\"@id\":\"https:\\\/\\\/wp.eastgate-software.com\\\/privacy-policy\\\/\",\"url\":\"https:\\\/\\\/wp.eastgate-software.com\\\/privacy-policy\\\/\",\"name\":\"Privacy Policy - Eastgate Software\",\"isPartOf\":{\"@id\":\"https:\\\/\\\/wp.eastgate-software.com\\\/#website\"},\"datePublished\":\"2024-01-16T15:49:30+00:00\",\"dateModified\":\"2024-01-22T01:05:02+00:00\",\"breadcrumb\":{\"@id\":\"https:\\\/\\\/wp.eastgate-software.com\\\/privacy-policy\\\/#breadcrumb\"},\"inLanguage\":\"de\",\"potentialAction\":[{\"@type\":\"ReadAction\",\"target\":[\"https:\\\/\\\/wp.eastgate-software.com\\\/privacy-policy\\\/\"]}]},{\"@type\":\"BreadcrumbList\",\"@id\":\"https:\\\/\\\/wp.eastgate-software.com\\\/privacy-policy\\\/#breadcrumb\",\"itemListElement\":[{\"@type\":\"ListItem\",\"position\":1,\"name\":\"Home\",\"item\":\"https:\\\/\\\/wp.eastgate-software.com\\\/\"},{\"@type\":\"ListItem\",\"position\":2,\"name\":\"Privacy Policy\"}]},{\"@type\":\"WebSite\",\"@id\":\"https:\\\/\\\/wp.eastgate-software.com\\\/#website\",\"url\":\"https:\\\/\\\/wp.eastgate-software.com\\\/\",\"name\":\"Eastgate Software\",\"description\":\"A Global Fortune 500 Company&#039;s Strategic Partner\",\"publisher\":{\"@id\":\"https:\\\/\\\/wp.eastgate-software.com\\\/#organization\"},\"potentialAction\":[{\"@type\":\"SearchAction\",\"target\":{\"@type\":\"EntryPoint\",\"urlTemplate\":\"https:\\\/\\\/wp.eastgate-software.com\\\/?s={search_term_string}\"},\"query-input\":{\"@type\":\"PropertyValueSpecification\",\"valueRequired\":true,\"valueName\":\"search_term_string\"}}],\"inLanguage\":\"de\"},{\"@type\":\"Organization\",\"@id\":\"https:\\\/\\\/wp.eastgate-software.com\\\/#organization\",\"name\":\"Eastgate Software\",\"url\":\"https:\\\/\\\/wp.eastgate-software.com\\\/\",\"logo\":{\"@type\":\"ImageObject\",\"inLanguage\":\"de\",\"@id\":\"https:\\\/\\\/wp.eastgate-software.com\\\/#\\\/schema\\\/logo\\\/image\\\/\",\"url\":\"https:\\\/\\\/wp.eastgate-software.com\\\/wp-content\\\/uploads\\\/2023\\\/09\\\/logo.svg\",\"contentUrl\":\"https:\\\/\\\/wp.eastgate-software.com\\\/wp-content\\\/uploads\\\/2023\\\/09\\\/logo.svg\",\"width\":124,\"height\":36,\"caption\":\"Eastgate Software\"},\"image\":{\"@id\":\"https:\\\/\\\/wp.eastgate-software.com\\\/#\\\/schema\\\/logo\\\/image\\\/\"},\"sameAs\":[\"https:\\\/\\\/www.facebook.com\\\/EastgateSoftware\\\/\",\"https:\\\/\\\/x.com\\\/EastgateSoft\"]}]}<\/script>\n<!-- \/ Yoast SEO Premium plugin. -->","yoast_head_json":{"title":"Datenschutzrichtlinie \u2013 Eastgate Software","robots":{"index":"noindex","follow":"follow","max-snippet":"max-snippet:-1","max-image-preview":"max-image-preview:large","max-video-preview":"max-video-preview:-1"},"og_locale":"de_DE","og_type":"article","og_title":"Privacy Policy","og_description":"Privacy Policy Our privacy policy explains how Eastgate Software safeguards and utilizes the information you provide us with when using our website. At Eastgate Software, your privacy is our top priority. We value your trust and are committed to protecting your personal information. Rest assured that any information you provide when using our website will [&hellip;]","og_url":"https:\/\/wp.eastgate-software.com\/de\/privacy-policy\/","og_site_name":"Eastgate Software","article_publisher":"https:\/\/www.facebook.com\/EastgateSoftware\/","article_modified_time":"2024-01-22T01:05:02+00:00","twitter_card":"summary_large_image","twitter_site":"@EastgateSoft","twitter_misc":{"Gesch\u00e4tzte Lesezeit":"3\u00a0Minuten"},"schema":{"@context":"https:\/\/schema.org","@graph":[{"@type":"WebPage","@id":"https:\/\/wp.eastgate-software.com\/privacy-policy\/","url":"https:\/\/wp.eastgate-software.com\/privacy-policy\/","name":"Datenschutzrichtlinie \u2013 Eastgate Software","isPartOf":{"@id":"https:\/\/wp.eastgate-software.com\/#website"},"datePublished":"2024-01-16T15:49:30+00:00","dateModified":"2024-01-22T01:05:02+00:00","breadcrumb":{"@id":"https:\/\/wp.eastgate-software.com\/privacy-policy\/#breadcrumb"},"inLanguage":"de","potentialAction":[{"@type":"ReadAction","target":["https:\/\/wp.eastgate-software.com\/privacy-policy\/"]}]},{"@type":"BreadcrumbList","@id":"https:\/\/wp.eastgate-software.com\/privacy-policy\/#breadcrumb","itemListElement":[{"@type":"ListItem","position":1,"name":"Home","item":"https:\/\/wp.eastgate-software.com\/"},{"@type":"ListItem","position":2,"name":"Privacy Policy"}]},{"@type":"WebSite","@id":"https:\/\/wp.eastgate-software.com\/#website","url":"https:\/\/wp.eastgate-software.com\/","name":"Eastgate Software","description":"Strategischer Partner eines globalen Fortune-500-Unternehmens","publisher":{"@id":"https:\/\/wp.eastgate-software.com\/#organization"},"potentialAction":[{"@type":"SearchAction","target":{"@type":"EntryPoint","urlTemplate":"https:\/\/wp.eastgate-software.com\/?s={search_term_string}"},"query-input":{"@type":"PropertyValueSpecification","valueRequired":true,"valueName":"search_term_string"}}],"inLanguage":"de"},{"@type":"Organization","@id":"https:\/\/wp.eastgate-software.com\/#organization","name":"Eastgate Software","url":"https:\/\/wp.eastgate-software.com\/","logo":{"@type":"ImageObject","inLanguage":"de","@id":"https:\/\/wp.eastgate-software.com\/#\/schema\/logo\/image\/","url":"https:\/\/wp.eastgate-software.com\/wp-content\/uploads\/2023\/09\/logo.svg","contentUrl":"https:\/\/wp.eastgate-software.com\/wp-content\/uploads\/2023\/09\/logo.svg","width":124,"height":36,"caption":"Eastgate Software"},"image":{"@id":"https:\/\/wp.eastgate-software.com\/#\/schema\/logo\/image\/"},"sameAs":["https:\/\/www.facebook.com\/EastgateSoftware\/","https:\/\/x.com\/EastgateSoft"]}]}},"jetpack_shortlink":"https:\/\/wp.me\/Pf8Ne8-qsh","jetpack_sharing_enabled":true,"_links":{"self":[{"href":"https:\/\/wp.eastgate-software.com\/de\/wp-json\/wp\/v2\/pages\/101697","targetHints":{"allow":["GET"]}}],"collection":[{"href":"https:\/\/wp.eastgate-software.com\/de\/wp-json\/wp\/v2\/pages"}],"about":[{"href":"https:\/\/wp.eastgate-software.com\/de\/wp-json\/wp\/v2\/types\/page"}],"author":[{"embeddable":true,"href":"https:\/\/wp.eastgate-software.com\/de\/wp-json\/wp\/v2\/users\/238283274"}],"replies":[{"embeddable":true,"href":"https:\/\/wp.eastgate-software.com\/de\/wp-json\/wp\/v2\/comments?post=101697"}],"version-history":[{"count":29,"href":"https:\/\/wp.eastgate-software.com\/de\/wp-json\/wp\/v2\/pages\/101697\/revisions"}],"predecessor-version":[{"id":103744,"href":"https:\/\/wp.eastgate-software.com\/de\/wp-json\/wp\/v2\/pages\/101697\/revisions\/103744"}],"wp:attachment":[{"href":"https:\/\/wp.eastgate-software.com\/de\/wp-json\/wp\/v2\/media?parent=101697"}],"curies":[{"name":"wp","href":"https:\/\/api.w.org\/{rel}","templated":true}]}}